{"id":637,"date":"2022-11-01T11:11:51","date_gmt":"2022-11-01T10:11:51","guid":{"rendered":"http:\/\/www.1300etc.de\/?page_id=637"},"modified":"2023-10-04T10:07:35","modified_gmt":"2023-10-04T08:07:35","slug":"faq","status":"publish","type":"page","link":"https:\/\/www.1300etc.de\/fr\/faq\/","title":{"rendered":"FAQ"},"content":{"rendered":"<div id=\"div_block-24-681\" class=\"ct-div-block nav-unterseite\" ><div id=\"div_block-6-681\" class=\"ct-div-block inner-wrap\" ><a id=\"link-7-681\" class=\"ct-link\" href=\"http:\/\/www.1300etc.de\/fr\/\"   ><img decoding=\"async\"  id=\"image-8-681\" alt=\"\" src=\"https:\/\/www.1300etc.de\/wp-content\/uploads\/2024\/11\/logo-black.png\" class=\"ct-image\" srcset-disabled=\"https:\/\/www.1300etc.de\/wp-content\/uploads\/2024\/11\/logo-black.png 571w, https:\/\/www.1300etc.de\/wp-content\/uploads\/2024\/11\/logo-black-300x53.png 300w, https:\/\/www.1300etc.de\/wp-content\/uploads\/2024\/11\/logo-black-18x3.png 18w\" sizes=\"(max-width: 571px) 100vw, 571px\" \/><\/a><div id=\"div_block-9-681\" class=\"ct-div-block navigation-fixed\" ><a id=\"link_text-10-681\" class=\"ct-link-text nav-item-fixed\" href=\"http:\/\/www.1300etc.de\/fr\/\"   >Page d'accueil<\/a><a id=\"link_text-16-681\" class=\"ct-link-text nav-item-fixed\" href=\"https:\/\/www.1300etc.de\/fr\/termine\/\"   >termine<\/a><a id=\"link_text-22-681\" class=\"ct-link-text nav-item-fixed\" href=\"https:\/\/www.1300etc.de\/fr\/ergebnisse\/\"   >R\u00e9sultats<\/a><a id=\"link_text-23-681\" class=\"ct-link-text nav-item-fixed\" href=\"https:\/\/www.1300etc.de\/fr\/historie\/\"   >Historique<\/a><a id=\"link_text-18-681\" class=\"ct-link-text nav-item-fixed\" href=\"http:\/\/www.1300etc.de\/fr\/anmeldung\/\"   >Inscription &amp; informations<br><\/a><a id=\"link_text-19-681\" class=\"ct-link-text nav-item-fixed\" href=\"http:\/\/www.1300etc.de\/fr\/faq\/\"   >FAQ<\/a><a id=\"link_text-25-681\" class=\"ct-link-text nav-item-fixed\" href=\"https:\/\/www.stickereien-dowe.de\/shop\/BMT-Racing-1300ETC-c174628285\" target=\"_blank\"  >Shop<\/a><a id=\"link_text-21-681\" class=\"ct-link-text nav-item-fixed\" href=\"http:\/\/www.1300etc.de\/fr\/shop\/\"   >Shop<\/a><a id=\"link_text-20-681\" class=\"ct-link-text nav-item-fixed\" href=\"http:\/\/www.1300etc.de\/fr\/kontakt\/\"   >Contact<\/a><\/div><\/div><\/div><nav id=\"_nav_menu-14-684\" class=\"oxy-nav-menu\" ><div class='oxy-menu-toggle'><div class='oxy-nav-menu-hamburger-wrap'><div class='oxy-nav-menu-hamburger'><div class='oxy-nav-menu-hamburger-line'><\/div><div class='oxy-nav-menu-hamburger-line'><\/div><div class='oxy-nav-menu-hamburger-line'><\/div><\/div><\/div><\/div><div class=\"menu-hauptmenue-container\"><ul id=\"menu-hauptmenue\" class=\"oxy-nav-menu-list\"><li id=\"menu-item-761\" class=\"menu-item menu-item-type-post_type menu-item-object-page menu-item-home menu-item-761\"><a href=\"https:\/\/www.1300etc.de\/fr\/\">Page d'accueil<\/a><\/li>\n<li id=\"menu-item-760\" class=\"menu-item menu-item-type-post_type menu-item-object-page menu-item-760\"><a href=\"https:\/\/www.1300etc.de\/fr\/termine\/\">Calendrier<\/a><\/li>\n<li id=\"menu-item-1095\" class=\"menu-item menu-item-type-post_type menu-item-object-page menu-item-1095\"><a href=\"https:\/\/www.1300etc.de\/fr\/ergebnisse\/\">R\u00e9sultats<\/a><\/li>\n<li id=\"menu-item-1156\" class=\"menu-item menu-item-type-post_type menu-item-object-page menu-item-1156\"><a href=\"https:\/\/www.1300etc.de\/fr\/historie\/\">Historique<\/a><\/li>\n<li id=\"menu-item-870\" class=\"menu-item menu-item-type-post_type menu-item-object-page menu-item-870\"><a href=\"https:\/\/www.1300etc.de\/fr\/anmeldung\/\">Inscription &amp; informations<\/a><\/li>\n<li id=\"menu-item-763\" class=\"menu-item menu-item-type-post_type menu-item-object-page menu-item-763\"><a href=\"https:\/\/www.1300etc.de\/fr\/faq\/\">FAQ<\/a><\/li>\n<li id=\"menu-item-1172\" class=\"menu-item menu-item-type-custom menu-item-object-custom menu-item-1172\"><a href=\"https:\/\/www.stickereien-dowe.de\/shop\/BMT-Racing-1300ETC-c174628285\">Shop<\/a><\/li>\n<li id=\"menu-item-758\" class=\"menu-item menu-item-type-post_type menu-item-object-page menu-item-758\"><a href=\"https:\/\/www.1300etc.de\/fr\/kontakt\/\">Contact<\/a><\/li>\n<\/ul><\/div><\/nav><section id=\"section-2-637\" class=\"ct-section\" ><div class=\"ct-section-inner-wrap\"><div id=\"div_block-109-637\" class=\"ct-div-block\" ><div id=\"div_block-3-637\" class=\"ct-div-block\" ><h1 id=\"headline-4-637\" class=\"ct-headline h1 translation-block\">Foire aux <span id=\"span-7-637\" class=\"ct-span\">questions<\/span><br><\/h1><div id=\"text_block-6-637\" class=\"ct-text-block\" >Toutes les r\u00e9ponses aux questions les plus fr\u00e9quemment pos\u00e9es<\/div><\/div><div id=\"div_block-10-637\" class=\"ct-div-block oxel_accordion\" ><div id=\"code_block-11-637\" class=\"ct-code-block\" ><!-- --><\/div><div id=\"div_block-12-637\" class=\"ct-div-block oxel_accordion__row\" ><div id=\"div_block-13-637\" class=\"ct-div-block oxel_accordion__row_left\" ><div id=\"text_block-15-637\" class=\"ct-text-block oxel_accordion__row__label\" >Quels sont les v\u00e9hicules autoris\u00e9s ?<br><\/div><\/div><div id=\"fancy_icon-16-637\" class=\"ct-fancy-icon oxel_accordion__icon\" ><svg id=\"svg-fancy_icon-16-637\"><use xlink:href=\"#Lineariconsicon-chevron-down\"><\/use><\/svg><\/div><\/div><div id=\"div_block-17-637\" class=\"ct-div-block oxel_accordion__content oxel_accordion__content__hidden\" ><div id=\"div_block-18-637\" class=\"ct-div-block\" ><div id=\"text_block-19-637\" class=\"ct-text-block\" >- La cylindr\u00e9e maximale est de 1 300 cm3.\u2028<br>- Voitures de tourisme et GT jusqu'\u00e0 l'ann\u00e9e 1981 &amp; pour le John Cooper SPi Trophy : Mini Cooper SPi ann\u00e9e 1991 - 1996<br>- Le v\u00e9hicule r\u00e9pond aux exigences techniques des groupes <a href=\"http:\/\/www.1300etc.de\/wp-content\/uploads\/2023\/09\/Anhang-K-FIA.pdf\">Annexe K<\/a> ou CTC\/CGT.<br><\/div><\/div><\/div><div id=\"div_block-102-637\" class=\"ct-div-block oxel_accordion__row\" ><div id=\"div_block-103-637\" class=\"ct-div-block oxel_accordion__row_left\" ><div id=\"text_block-104-637\" class=\"ct-text-block oxel_accordion__row__label\" >Quel est le temps de trajet offert par la 1300 ETC ?<br><\/div><\/div><div id=\"fancy_icon-105-637\" class=\"ct-fancy-icon oxel_accordion__icon\" ><svg id=\"svg-fancy_icon-105-637\"><use xlink:href=\"#Lineariconsicon-chevron-down\"><\/use><\/svg><\/div><\/div><div id=\"div_block-106-637\" class=\"ct-div-block oxel_accordion__content oxel_accordion__content__hidden\" ><div id=\"div_block-107-637\" class=\"ct-div-block\" ><div id=\"text_block-108-637\" class=\"ct-text-block\" >Deux essais chronom\u00e9tr\u00e9s de 20 minutes sont pr\u00e9vus par manifestation. Les deux manches de classement par manifestation se d\u00e9roulent sur une distance de 25 minutes.<br><\/div><\/div><\/div><div id=\"div_block-128-637\" class=\"ct-div-block oxel_accordion__row\" ><div id=\"div_block-129-637\" class=\"ct-div-block oxel_accordion__row_left\" ><div id=\"text_block-130-637\" class=\"ct-text-block oxel_accordion__row__label\" >Comment le classement est-il effectu\u00e9 ?<br><\/div><\/div><div id=\"fancy_icon-131-637\" class=\"ct-fancy-icon oxel_accordion__icon\" ><svg id=\"svg-fancy_icon-131-637\"><use xlink:href=\"#Lineariconsicon-chevron-down\"><\/use><\/svg><\/div><\/div><div id=\"div_block-119-637\" class=\"ct-div-block oxel_accordion__content oxel_accordion__content__hidden\" ><div id=\"div_block-120-637\" class=\"ct-div-block\" ><div id=\"text_block-121-637\" class=\"ct-text-block\" >L'attribution des points se fait exclusivement dans les diff\u00e9rentes classes.<br><\/div><\/div><\/div><div id=\"div_block-138-637\" class=\"ct-div-block oxel_accordion__row\" ><div id=\"div_block-139-637\" class=\"ct-div-block oxel_accordion__row_left\" ><div id=\"text_block-140-637\" class=\"ct-text-block oxel_accordion__row__label\" >\u00c0 combien s'\u00e9l\u00e8vent les frais d'inscription ?<br><\/div><\/div><div id=\"fancy_icon-141-637\" class=\"ct-fancy-icon oxel_accordion__icon\" ><svg id=\"svg-fancy_icon-141-637\"><use xlink:href=\"#Lineariconsicon-chevron-down\"><\/use><\/svg><\/div><\/div><div id=\"div_block-125-637\" class=\"ct-div-block oxel_accordion__content oxel_accordion__content__hidden\" ><div id=\"div_block-126-637\" class=\"ct-div-block\" ><div id=\"text_block-127-637\" class=\"ct-text-block\" >Les frais d'inscription \u00e0 la 1300 ETC s'\u00e9l\u00e8vent \u00e0 \u20ac 360,00 par an pour le pilote et aussi pour l'\u00e9quipe (2 pilotes \/ 1 voiture). Pour plus de d\u00e9tails sur l'inscription, veuillez consulter <a href=\"mailto:info@1300etc.de\">info@1300etc.de<\/a><br><\/div><\/div><\/div><\/div><\/div><\/div><\/section><section id=\"section-2-675\" class=\"ct-section\" ><div class=\"ct-section-inner-wrap\"><div id=\"footer-wrapper\" class=\"ct-div-block\" ><div id=\"footer\" class=\"ct-div-block\" ><img decoding=\"async\"  id=\"image-20-675\" alt=\"\" src=\"https:\/\/www.1300etc.de\/wp-content\/uploads\/2023\/09\/1300-ETC-Cup-solo-sw-scaled.jpg\" class=\"ct-image\" srcset-disabled=\"https:\/\/www.1300etc.de\/wp-content\/uploads\/2023\/09\/1300-ETC-Cup-solo-sw-scaled.jpg 2560w, https:\/\/www.1300etc.de\/wp-content\/uploads\/2023\/09\/1300-ETC-Cup-solo-sw-300x51.jpg 300w, https:\/\/www.1300etc.de\/wp-content\/uploads\/2023\/09\/1300-ETC-Cup-solo-sw-1024x174.jpg 1024w, https:\/\/www.1300etc.de\/wp-content\/uploads\/2023\/09\/1300-ETC-Cup-solo-sw-768x131.jpg 768w, https:\/\/www.1300etc.de\/wp-content\/uploads\/2023\/09\/1300-ETC-Cup-solo-sw-1536x261.jpg 1536w, https:\/\/www.1300etc.de\/wp-content\/uploads\/2023\/09\/1300-ETC-Cup-solo-sw-2048x348.jpg 2048w\" sizes=\"(max-width: 2560px) 100vw, 2560px\" \/><div id=\"div_block-123-675\" class=\"ct-div-block\" ><div id=\"div_block-21-675\" class=\"ct-div-block\" ><h6 id=\"headline-22-675\" class=\"ct-headline\">Contact<\/h6><div id=\"div_block-23-675\" class=\"ct-div-block\" ><div id=\"text_block-24-675\" class=\"ct-text-block footer-text\" >BMT Racing UG<br><\/div><div id=\"div_block-56-675\" class=\"ct-div-block\" ><div id=\"fancy_icon-57-675\" class=\"ct-fancy-icon\" ><svg id=\"svg-fancy_icon-57-675\"><use xlink:href=\"#FontAwesomeicon-phone\"><\/use><\/svg><\/div><a id=\"text_block-58-675\" class=\"ct-link-text footer-text\" href=\"tel:+491722092492\"   >\u202d+49 172 20 924 92<\/a><\/div><div id=\"div_block-59-675\" class=\"ct-div-block\" ><div id=\"fancy_icon-60-675\" class=\"ct-fancy-icon\" ><svg id=\"svg-fancy_icon-60-675\"><use xlink:href=\"#FontAwesomeicon-envelope\"><\/use><\/svg><\/div><a id=\"text_block-61-675\" class=\"ct-link-text footer-text\" href=\"mailto:info@1300etc.de\"   >info@1300etc.de<\/a><\/div><\/div><\/div><div id=\"div_block-62-675\" class=\"ct-div-block\" ><h6 id=\"headline-63-675\" class=\"ct-headline\">Liens<\/h6><div id=\"div_block-99-675\" class=\"ct-div-block\" ><a id=\"link_text-94-675\" class=\"ct-link-text footer-text\" href=\"http:\/\/www.1300etc.de\/fr\/faq\/\"   >FAQ<\/a><a id=\"link_text-96-675\" class=\"ct-link-text footer-text\" href=\"http:\/\/www.1300etc.de\/fr\/anmeldung\/\"   >formulaire de nomination<\/a><a id=\"link_text-97-675\" class=\"ct-link-text footer-text\" href=\"http:\/\/www.1300etc.de\/fr\/kontakt\/\"   >Contact<\/a><a id=\"link_text-98-675\" class=\"ct-link-text footer-text\" href=\"https:\/\/www.1300etc.de\/fr\/termine\/\"   >Calendrier<\/a><\/div><\/div><div id=\"div_block-105-675\" class=\"ct-div-block\" ><h6 id=\"headline-106-675\" class=\"ct-headline\">Partenaire<\/h6><div id=\"div_block-107-675\" class=\"ct-div-block\" ><a id=\"link_text-124-675\" class=\"ct-link-text footer-text\" href=\"https:\/\/www.motorsport-akademie.de\/\" target=\"_blank\"  >Motorsport Akadamie<br><\/a><a id=\"link_text-108-675\" class=\"ct-link-text footer-text\" href=\"https:\/\/www.stickereien-dowe.de\/\" target=\"_blank\"  >Stickerei Monika Dowe<\/a><a id=\"link_text-126-675\" class=\"ct-link-text footer-text\" href=\"https:\/\/globus-dienstleistung.de\/\" target=\"_blank\"  >Wachdienst Globus<br><\/a><a id=\"link_text-125-675\" class=\"ct-link-text footer-text\" href=\"https:\/\/www.wuerttembergische.de\/versicherungen\/michael.wolf\" target=\"_blank\"  >W\u00fcrttembergische Versicherung Michael Wolf<\/a><a id=\"link_text-127-675\" class=\"ct-link-text footer-text\" href=\"https:\/\/www.notstromtechnik.info\/\" target=\"_blank\"  >Notstromtechnik K\u00fcrten<br><\/a><a id=\"link_text-128-675\" class=\"ct-link-text footer-text\" href=\"https:\/\/www.fastseventies.nl\/en\" target=\"_blank\"  >Fast Seventies<\/a><\/div><\/div><\/div><\/div><div id=\"div_block-5-675\" class=\"ct-div-block\" ><div id=\"div_block-119-675\" class=\"ct-div-block\" ><div id=\"div_block-114-675\" class=\"ct-div-block\" ><div id=\"text_block-6-675\" class=\"ct-text-block\" >\u00a9 1300 ETC 2026<\/div><a id=\"text_block-115-675\" class=\"ct-link-text\" href=\"https:\/\/nickringelmann.com\/\" target=\"_blank\"  >Website by NR<\/a><\/div><div id=\"div_block-10-675\" class=\"ct-div-block\" ><a id=\"text_block-9-675\" class=\"ct-link-text footer-link\" href=\"http:\/\/www.1300etc.de\/fr\/impressum\/\"   >Mentions l\u00e9gales<\/a><a id=\"text_block-8-675\" class=\"ct-link-text\" href=\"http:\/\/www.1300etc.de\/fr\/datenschutz\/\"   >Protection des donn\u00e9es<\/a><\/div><\/div><div id=\"_social_icons-14-675\" class=\"oxy-social-icons\" ><a href='\/fr\/-\/' target='_blank' class='oxy-social-icons-facebook'><svg><title>Visit our Facebook<\/title><use xlink:href='#oxy-social-icons-icon-facebook-blank'><\/use><\/svg><\/a><a href='\/fr\/-\/' target='_blank' class='oxy-social-icons-instagram'><svg><title>Visit our Instagram<\/title><use xlink:href='#oxy-social-icons-icon-instagram-blank'><\/use><\/svg><\/a><\/div><\/div><\/div><\/div><\/section>","protected":false},"excerpt":{"rendered":"","protected":false},"author":4,"featured_media":0,"parent":0,"menu_order":0,"comment_status":"closed","ping_status":"closed","template":"","meta":{"_acf_changed":false,"_crdt_document":"","inline_featured_image":false,"footnotes":""},"class_list":["post-637","page","type-page","status-publish","hentry"],"acf":[],"yoast_head":"<!-- This site is optimized with the Yoast SEO plugin v27.3 - https:\/\/yoast.com\/product\/yoast-seo-wordpress\/ -->\n<title>FAQ - 1300 ETC<\/title>\n<meta name=\"description\" content=\"Hier bleiben keine Fragen offen!\" \/>\n<meta name=\"robots\" content=\"index, follow, max-snippet:-1, max-image-preview:large, max-video-preview:-1\" \/>\n<link rel=\"canonical\" href=\"https:\/\/www.1300etc.de\/fr\/faq\/\" \/>\n<meta property=\"og:locale\" content=\"fr_FR\" \/>\n<meta property=\"og:type\" content=\"article\" \/>\n<meta property=\"og:title\" content=\"FAQ - 1300 ETC\" \/>\n<meta property=\"og:description\" content=\"Hier bleiben keine Fragen offen!\" \/>\n<meta property=\"og:url\" content=\"https:\/\/www.1300etc.de\/fr\/faq\/\" \/>\n<meta property=\"og:site_name\" content=\"1300 ETC\" \/>\n<meta property=\"article:publisher\" content=\"https:\/\/facebook.com\/KampfderZwerge\/\" \/>\n<meta property=\"article:modified_time\" content=\"2023-10-04T08:07:35+00:00\" \/>\n<meta name=\"twitter:card\" content=\"summary_large_image\" \/>\n<script type=\"application\/ld+json\" class=\"yoast-schema-graph\">{\"@context\":\"https:\\\/\\\/schema.org\",\"@graph\":[{\"@type\":\"WebPage\",\"@id\":\"https:\\\/\\\/www.1300etc.de\\\/faq\\\/\",\"url\":\"https:\\\/\\\/www.1300etc.de\\\/faq\\\/\",\"name\":\"FAQ - 1300 ETC\",\"isPartOf\":{\"@id\":\"https:\\\/\\\/www.1300etc.de\\\/#website\"},\"datePublished\":\"2022-11-01T10:11:51+00:00\",\"dateModified\":\"2023-10-04T08:07:35+00:00\",\"description\":\"Hier bleiben keine Fragen offen!\",\"breadcrumb\":{\"@id\":\"https:\\\/\\\/www.1300etc.de\\\/faq\\\/#breadcrumb\"},\"inLanguage\":\"fr-FR\",\"potentialAction\":[{\"@type\":\"ReadAction\",\"target\":[\"https:\\\/\\\/www.1300etc.de\\\/faq\\\/\"]}]},{\"@type\":\"BreadcrumbList\",\"@id\":\"https:\\\/\\\/www.1300etc.de\\\/faq\\\/#breadcrumb\",\"itemListElement\":[{\"@type\":\"ListItem\",\"position\":1,\"name\":\"Startseite\",\"item\":\"https:\\\/\\\/www.1300etc.de\\\/\"},{\"@type\":\"ListItem\",\"position\":2,\"name\":\"FAQ\"}]},{\"@type\":\"WebSite\",\"@id\":\"https:\\\/\\\/www.1300etc.de\\\/#website\",\"url\":\"https:\\\/\\\/www.1300etc.de\\\/\",\"name\":\"1300 ETC\",\"description\":\"\",\"publisher\":{\"@id\":\"https:\\\/\\\/www.1300etc.de\\\/#organization\"},\"potentialAction\":[{\"@type\":\"SearchAction\",\"target\":{\"@type\":\"EntryPoint\",\"urlTemplate\":\"https:\\\/\\\/www.1300etc.de\\\/?s={search_term_string}\"},\"query-input\":{\"@type\":\"PropertyValueSpecification\",\"valueRequired\":true,\"valueName\":\"search_term_string\"}}],\"inLanguage\":\"fr-FR\"},{\"@type\":\"Organization\",\"@id\":\"https:\\\/\\\/www.1300etc.de\\\/#organization\",\"name\":\"Kampf der Zwerge e.V.\",\"alternateName\":\"Kampf der Zwerge\",\"url\":\"https:\\\/\\\/www.1300etc.de\\\/\",\"logo\":{\"@type\":\"ImageObject\",\"inLanguage\":\"fr-FR\",\"@id\":\"https:\\\/\\\/www.1300etc.de\\\/#\\\/schema\\\/logo\\\/image\\\/\",\"url\":\"http:\\\/\\\/www.1300etc.de\\\/wp-content\\\/uploads\\\/2022\\\/10\\\/kampf-der-zwerge.svg\",\"contentUrl\":\"http:\\\/\\\/www.1300etc.de\\\/wp-content\\\/uploads\\\/2022\\\/10\\\/kampf-der-zwerge.svg\",\"width\":232,\"height\":165,\"caption\":\"Kampf der Zwerge e.V.\"},\"image\":{\"@id\":\"https:\\\/\\\/www.1300etc.de\\\/#\\\/schema\\\/logo\\\/image\\\/\"},\"sameAs\":[\"https:\\\/\\\/facebook.com\\\/KampfderZwerge\\\/\",\"https:\\\/\\\/www.instagram.com\\\/kampfderzwerge\\\/\"]}]}<\/script>\n<!-- \/ Yoast SEO plugin. -->","yoast_head_json":{"title":"FAQ - 1300 ETC","description":"Hier bleiben keine Fragen offen!","robots":{"index":"index","follow":"follow","max-snippet":"max-snippet:-1","max-image-preview":"max-image-preview:large","max-video-preview":"max-video-preview:-1"},"canonical":"https:\/\/www.1300etc.de\/fr\/faq\/","og_locale":"fr_FR","og_type":"article","og_title":"FAQ - 1300 ETC","og_description":"Hier bleiben keine Fragen offen!","og_url":"https:\/\/www.1300etc.de\/fr\/faq\/","og_site_name":"1300 ETC","article_publisher":"https:\/\/facebook.com\/KampfderZwerge\/","article_modified_time":"2023-10-04T08:07:35+00:00","twitter_card":"summary_large_image","schema":{"@context":"https:\/\/schema.org","@graph":[{"@type":"WebPage","@id":"https:\/\/www.1300etc.de\/faq\/","url":"https:\/\/www.1300etc.de\/faq\/","name":"FAQ - 1300 ETC","isPartOf":{"@id":"https:\/\/www.1300etc.de\/#website"},"datePublished":"2022-11-01T10:11:51+00:00","dateModified":"2023-10-04T08:07:35+00:00","description":"Hier bleiben keine Fragen offen!","breadcrumb":{"@id":"https:\/\/www.1300etc.de\/faq\/#breadcrumb"},"inLanguage":"fr-FR","potentialAction":[{"@type":"ReadAction","target":["https:\/\/www.1300etc.de\/faq\/"]}]},{"@type":"BreadcrumbList","@id":"https:\/\/www.1300etc.de\/faq\/#breadcrumb","itemListElement":[{"@type":"ListItem","position":1,"name":"Startseite","item":"https:\/\/www.1300etc.de\/"},{"@type":"ListItem","position":2,"name":"FAQ"}]},{"@type":"WebSite","@id":"https:\/\/www.1300etc.de\/#website","url":"https:\/\/www.1300etc.de\/","name":"1300 ETC","description":"","publisher":{"@id":"https:\/\/www.1300etc.de\/#organization"},"potentialAction":[{"@type":"SearchAction","target":{"@type":"EntryPoint","urlTemplate":"https:\/\/www.1300etc.de\/?s={search_term_string}"},"query-input":{"@type":"PropertyValueSpecification","valueRequired":true,"valueName":"search_term_string"}}],"inLanguage":"fr-FR"},{"@type":"Organization","@id":"https:\/\/www.1300etc.de\/#organization","name":"Kampf der Zwerge e.V.","alternateName":"Kampf der Zwerge","url":"https:\/\/www.1300etc.de\/","logo":{"@type":"ImageObject","inLanguage":"fr-FR","@id":"https:\/\/www.1300etc.de\/#\/schema\/logo\/image\/","url":"http:\/\/www.1300etc.de\/wp-content\/uploads\/2022\/10\/kampf-der-zwerge.svg","contentUrl":"http:\/\/www.1300etc.de\/wp-content\/uploads\/2022\/10\/kampf-der-zwerge.svg","width":232,"height":165,"caption":"Kampf der Zwerge e.V."},"image":{"@id":"https:\/\/www.1300etc.de\/#\/schema\/logo\/image\/"},"sameAs":["https:\/\/facebook.com\/KampfderZwerge\/","https:\/\/www.instagram.com\/kampfderzwerge\/"]}]}},"jetpack_sharing_enabled":true,"_links":{"self":[{"href":"https:\/\/www.1300etc.de\/fr\/wp-json\/wp\/v2\/pages\/637","targetHints":{"allow":["GET"]}}],"collection":[{"href":"https:\/\/www.1300etc.de\/fr\/wp-json\/wp\/v2\/pages"}],"about":[{"href":"https:\/\/www.1300etc.de\/fr\/wp-json\/wp\/v2\/types\/page"}],"author":[{"embeddable":true,"href":"https:\/\/www.1300etc.de\/fr\/wp-json\/wp\/v2\/users\/4"}],"replies":[{"embeddable":true,"href":"https:\/\/www.1300etc.de\/fr\/wp-json\/wp\/v2\/comments?post=637"}],"version-history":[{"count":7,"href":"https:\/\/www.1300etc.de\/fr\/wp-json\/wp\/v2\/pages\/637\/revisions"}],"predecessor-version":[{"id":1055,"href":"https:\/\/www.1300etc.de\/fr\/wp-json\/wp\/v2\/pages\/637\/revisions\/1055"}],"wp:attachment":[{"href":"https:\/\/www.1300etc.de\/fr\/wp-json\/wp\/v2\/media?parent=637"}],"curies":[{"name":"wp","href":"https:\/\/api.w.org\/{rel}","templated":true}]}}